{"id":101,"date":"2016-05-19T10:12:02","date_gmt":"2016-05-19T14:12:02","guid":{"rendered":"http:\/\/casadascoressinop.com.br\/?page_id=101"},"modified":"2021-01-07T16:57:50","modified_gmt":"2021-01-07T20:57:50","slug":"conheca-nossa-loja","status":"publish","type":"page","link":"https:\/\/casadascoressinop.com.br\/index.php\/conheca-nossa-loja\/","title":{"rendered":"Conhe\u00e7a nossa loja"},"content":{"rendered":"<p><strong>Com mais de dez anos em Sinop, os S\u00f3cios Eduardo Dutra e Wanessa Sguras, propriet\u00e1rios da Casa das Cores, festejam os resultados das conquistas alcan\u00e7adas ao longo desse per\u00edodo em sua empresa. Totalmente consolidada no mercado e considerada uma das mais completas lojas de tinta da regi\u00e3o a casa das core oferece oque h\u00e1 de melhor no setor, ganhando a confian\u00e7a e credibilidade dos clientes.<\/strong><\/p>\n<p style=\"text-align: justify;\"><strong>Natural da cidade de Fazenda Nova-GO, Eduardo Dutra e Wanessa Sguras, nascida em Cuiab\u00e1-MT, ambos trabalham incansavelmente em busca de suas conquistas. &#8220;Sempre nos preocupamos em crescer profissionalmente e prosperar financeiramente. Por isso trabalhamos muito para alcan\u00e7armos as nossas metas&#8221;, declaram os s\u00f3cios. <\/strong><\/p>\n<p style=\"text-align: justify;\"><strong>O empreendedorismo faz parte da vida dos propriet\u00e1rios da Casa das Cores que sempre acreditaram na pujan\u00e7a do munic\u00edpio, obtendo atualmente a satisfa\u00e7\u00e3o pessoal a profissional, bem como o retorno financeiro desejado. A propriedade n\u00famero um na Casa das Cores \u00e9 satisfazer o cliente. E esse item \u00e9 respeitado por todos, desde os propriet\u00e1rios ao mais simples colaborador. <\/strong><strong><br \/>&#8220;O nosso sucesso depende muito do cliente. Por isso, nos dedicamos para atend\u00ea-lo da melhor forma poss\u00edvel, fazendo com que cada um que entrar em nossa loja fique exultante com atendimento e se sinta respeitado independente do tipo de compra que for efetuar. Aqui n\u00f3s tratamos o cliente como sendo o nosso maior patrim\u00f4nio&#8221;, afirmam os empres\u00e1rios Eduardo e Wanessa.<\/strong><\/p>\n\n\n<figure class=\"wp-block-image size-large\"><img loading=\"lazy\" decoding=\"async\" width=\"1024\" height=\"576\" src=\"http:\/\/casadascoressinop.com.br\/wp-content\/uploads\/2021\/01\/MVI_9814.00_00_04_12.Quadro001-1024x576.png\" alt=\"\" class=\"wp-image-257\" srcset=\"https:\/\/casadascoressinop.com.br\/wp-content\/uploads\/2021\/01\/MVI_9814.00_00_04_12.Quadro001-1024x576.png 1024w, https:\/\/casadascoressinop.com.br\/wp-content\/uploads\/2021\/01\/MVI_9814.00_00_04_12.Quadro001-300x169.png 300w, https:\/\/casadascoressinop.com.br\/wp-content\/uploads\/2021\/01\/MVI_9814.00_00_04_12.Quadro001-768x432.png 768w, https:\/\/casadascoressinop.com.br\/wp-content\/uploads\/2021\/01\/MVI_9814.00_00_04_12.Quadro001-1536x864.png 1536w, https:\/\/casadascoressinop.com.br\/wp-content\/uploads\/2021\/01\/MVI_9814.00_00_04_12.Quadro001.png 1920w\" sizes=\"auto, (max-width: 1024px) 100vw, 1024px\" \/><\/figure>\n","protected":false},"excerpt":{"rendered":"<p>Com mais de dez anos em Sinop, os S\u00f3cios Eduardo Dutra e Wanessa Sguras, propriet\u00e1rios da Casa das Cores, festejam os resultados das conquistas alcan\u00e7adas ao longo desse per\u00edodo em sua empresa. Totalmente consolidada no mercado e considerada uma das mais completas lojas de tinta da regi\u00e3o a casa das core oferece oque h\u00e1 de<\/p><\/div>\n<div class=\"blog-btn\"><a href=\"https:\/\/casadascoressinop.com.br\/index.php\/conheca-nossa-loja\/\" class=\"home-blog-btn\">Ler mais<\/a><\/p>\n","protected":false},"author":1,"featured_media":0,"parent":0,"menu_order":0,"comment_status":"closed","ping_status":"closed","template":"","meta":{"sfsi_plus_gutenberg_text_before_share":"","sfsi_plus_gutenberg_show_text_before_share":"","sfsi_plus_gutenberg_icon_type":"","sfsi_plus_gutenberg_icon_alignemt":"","sfsi_plus_gutenburg_max_per_row":"","_joinchat":[],"footnotes":""},"class_list":["post-101","page","type-page","status-publish","hentry"],"_links":{"self":[{"href":"https:\/\/casadascoressinop.com.br\/index.php\/wp-json\/wp\/v2\/pages\/101","targetHints":{"allow":["GET"]}}],"collection":[{"href":"https:\/\/casadascoressinop.com.br\/index.php\/wp-json\/wp\/v2\/pages"}],"about":[{"href":"https:\/\/casadascoressinop.com.br\/index.php\/wp-json\/wp\/v2\/types\/page"}],"author":[{"embeddable":true,"href":"https:\/\/casadascoressinop.com.br\/index.php\/wp-json\/wp\/v2\/users\/1"}],"replies":[{"embeddable":true,"href":"https:\/\/casadascoressinop.com.br\/index.php\/wp-json\/wp\/v2\/comments?post=101"}],"version-history":[{"count":11,"href":"https:\/\/casadascoressinop.com.br\/index.php\/wp-json\/wp\/v2\/pages\/101\/revisions"}],"predecessor-version":[{"id":259,"href":"https:\/\/casadascoressinop.com.br\/index.php\/wp-json\/wp\/v2\/pages\/101\/revisions\/259"}],"wp:attachment":[{"href":"https:\/\/casadascoressinop.com.br\/index.php\/wp-json\/wp\/v2\/media?parent=101"}],"curies":[{"name":"wp","href":"https:\/\/api.w.org\/{rel}","templated":true}]}}